{"id":1953,"date":"2025-05-20T09:54:58","date_gmt":"2025-05-20T09:54:58","guid":{"rendered":"https:\/\/peaceful-ishizaka.80-240-23-133.plesk.page\/?post_type=product&#038;p=1953"},"modified":"2025-05-20T09:58:17","modified_gmt":"2025-05-20T09:58:17","slug":"gastro-hotel-pack","status":"publish","type":"product","link":"https:\/\/www.tiskero.cz\/cs\/product\/gastro-hotel-pack\/","title":{"rendered":"GASTRO &#038; HOTEL pack"},"content":{"rendered":"","protected":false},"excerpt":{"rendered":"<p class=\"product__text inline-richtext\">\ud83d\ude80 Sb\u00edrejte on-line recenze za 3 vte\u0159iny!\u00a0<strong>just 3 seconds!<\/strong><\/p>\n<p><\/br><\/p>\n<p class=\"product__text inline-richtext\">\ud83d\udece\ufe0f Vhodn\u00e9 pro hotely a restaurace <\/strong><\/p>\n<p><\/br><\/p>\n<p class=\"product__text inline-richtext\">\u261d\ufe0f Jednor\u00e1zov\u00e1 platba, \u017e\u00e1dn\u00e9 m\u011bs\u00ed\u010dn\u00ed poplatky <\/strong>\u00a0no recurring fees<\/p>\n","protected":false},"featured_media":1954,"template":"","meta":{"_uag_custom_page_level_css":"","site-sidebar-layout":"default","site-content-layout":"","ast-site-content-layout":"default","site-content-style":"default","site-sidebar-style":"default","ast-global-header-display":"","ast-banner-title-visibility":"","ast-main-header-display":"","ast-hfb-above-header-display":"","ast-hfb-below-header-display":"","ast-hfb-mobile-header-display":"","site-post-title":"","ast-breadcrumbs-content":"","ast-featured-img":"","footer-sml-layout":"","theme-transparent-header-meta":"default","adv-header-id-meta":"","stick-header-meta":"","header-above-stick-meta":"","header-main-stick-meta":"","header-below-stick-meta":"","astra-migrate-meta-layouts":"set","ast-page-background-enabled":"default","ast-page-background-meta":{"desktop":{"background-color":"var(--ast-global-color-4)","background-image":"","background-repeat":"repeat","background-position":"center center","background-size":"auto","background-attachment":"scroll","background-type":"","background-media":"","overlay-type":"","overlay-color":"","overlay-opacity":"","overlay-gradient":""},"tablet":{"background-color":"","background-image":"","background-repeat":"repeat","background-position":"center center","background-size":"auto","background-attachment":"scroll","background-type":"","background-media":"","overlay-type":"","overlay-color":"","overlay-opacity":"","overlay-gradient":""},"mobile":{"background-color":"","background-image":"","background-repeat":"repeat","background-position":"center center","background-size":"auto","background-attachment":"scroll","background-type":"","background-media":"","overlay-type":"","overlay-color":"","overlay-opacity":"","overlay-gradient":""}},"ast-content-background-meta":{"desktop":{"background-color":"var(--ast-global-color-5)","background-image":"","background-repeat":"repeat","background-position":"center center","background-size":"auto","background-attachment":"scroll","background-type":"","background-media":"","overlay-type":"","overlay-color":"","overlay-opacity":"","overlay-gradient":""},"tablet":{"background-color":"var(--ast-global-color-5)","background-image":"","background-repeat":"repeat","background-position":"center center","background-size":"auto","background-attachment":"scroll","background-type":"","background-media":"","overlay-type":"","overlay-color":"","overlay-opacity":"","overlay-gradient":""},"mobile":{"background-color":"var(--ast-global-color-5)","background-image":"","background-repeat":"repeat","background-position":"center center","background-size":"auto","background-attachment":"scroll","background-type":"","background-media":"","overlay-type":"","overlay-color":"","overlay-opacity":"","overlay-gradient":""}}},"product_brand":[],"product_cat":[20],"product_tag":[],"class_list":{"0":"post-1953","1":"product","2":"type-product","3":"status-publish","4":"has-post-thumbnail","6":"product_cat-product","7":"desktop-align-left","8":"tablet-align-left","9":"mobile-align-left","11":"first","12":"instock","13":"shipping-taxable","14":"purchasable","15":"product-type-simple"},"uagb_featured_image_src":{"full":["https:\/\/www.tiskero.cz\/wp-content\/uploads\/2025\/05\/CZ_GASTROGOOGLE_b50e7e8b-b9cd-4098-bb38-4e5509720288.webp",823,836,false],"thumbnail":["https:\/\/www.tiskero.cz\/wp-content\/uploads\/2025\/05\/CZ_GASTROGOOGLE_b50e7e8b-b9cd-4098-bb38-4e5509720288-150x150.webp",150,150,true],"medium":["https:\/\/www.tiskero.cz\/wp-content\/uploads\/2025\/05\/CZ_GASTROGOOGLE_b50e7e8b-b9cd-4098-bb38-4e5509720288-295x300.webp",295,300,true],"medium_large":["https:\/\/www.tiskero.cz\/wp-content\/uploads\/2025\/05\/CZ_GASTROGOOGLE_b50e7e8b-b9cd-4098-bb38-4e5509720288-768x780.webp",768,780,true],"large":["https:\/\/www.tiskero.cz\/wp-content\/uploads\/2025\/05\/CZ_GASTROGOOGLE_b50e7e8b-b9cd-4098-bb38-4e5509720288.webp",823,836,false],"1536x1536":["https:\/\/www.tiskero.cz\/wp-content\/uploads\/2025\/05\/CZ_GASTROGOOGLE_b50e7e8b-b9cd-4098-bb38-4e5509720288.webp",823,836,false],"2048x2048":["https:\/\/www.tiskero.cz\/wp-content\/uploads\/2025\/05\/CZ_GASTROGOOGLE_b50e7e8b-b9cd-4098-bb38-4e5509720288.webp",823,836,false],"cfw_cart_thumb":["https:\/\/www.tiskero.cz\/wp-content\/uploads\/2025\/05\/CZ_GASTROGOOGLE_b50e7e8b-b9cd-4098-bb38-4e5509720288.webp",60,61,false],"woocommerce_thumbnail":["https:\/\/www.tiskero.cz\/wp-content\/uploads\/2025\/05\/CZ_GASTROGOOGLE_b50e7e8b-b9cd-4098-bb38-4e5509720288-300x300.webp",300,300,true],"woocommerce_single":["https:\/\/www.tiskero.cz\/wp-content\/uploads\/2025\/05\/CZ_GASTROGOOGLE_b50e7e8b-b9cd-4098-bb38-4e5509720288-600x609.webp",600,609,true],"woocommerce_gallery_thumbnail":["https:\/\/www.tiskero.cz\/wp-content\/uploads\/2025\/05\/CZ_GASTROGOOGLE_b50e7e8b-b9cd-4098-bb38-4e5509720288-100x100.webp",100,100,true],"variation_swatches_image_size":["https:\/\/www.tiskero.cz\/wp-content\/uploads\/2025\/05\/CZ_GASTROGOOGLE_b50e7e8b-b9cd-4098-bb38-4e5509720288.webp",50,50,false],"variation_swatches_tooltip_size":["https:\/\/www.tiskero.cz\/wp-content\/uploads\/2025\/05\/CZ_GASTROGOOGLE_b50e7e8b-b9cd-4098-bb38-4e5509720288.webp",98,100,false]},"uagb_author_info":{"display_name":"admin","author_link":"https:\/\/www.tiskero.cz\/cs\/author\/"},"uagb_comment_info":0,"uagb_excerpt":"\ud83d\ude80 Sb\u00edrejte on-line recenze za 3 vte\u0159iny!\u00a0just 3 seconds! \ud83d\udece\ufe0f Vhodn\u00e9 pro hotely a restaurace \u261d\ufe0f Jednor\u00e1zov\u00e1 platba, \u017e\u00e1dn\u00e9 m\u011bs\u00ed\u010dn\u00ed poplatky \u00a0no recurring fees","_links":{"self":[{"href":"https:\/\/www.tiskero.cz\/cs\/wp-json\/wp\/v2\/product\/1953","targetHints":{"allow":["GET"]}}],"collection":[{"href":"https:\/\/www.tiskero.cz\/cs\/wp-json\/wp\/v2\/product"}],"about":[{"href":"https:\/\/www.tiskero.cz\/cs\/wp-json\/wp\/v2\/types\/product"}],"wp:featuredmedia":[{"embeddable":true,"href":"https:\/\/www.tiskero.cz\/cs\/wp-json\/wp\/v2\/media\/1954"}],"wp:attachment":[{"href":"https:\/\/www.tiskero.cz\/cs\/wp-json\/wp\/v2\/media?parent=1953"}],"wp:term":[{"taxonomy":"product_brand","embeddable":true,"href":"https:\/\/www.tiskero.cz\/cs\/wp-json\/wp\/v2\/product_brand?post=1953"},{"taxonomy":"product_cat","embeddable":true,"href":"https:\/\/www.tiskero.cz\/cs\/wp-json\/wp\/v2\/product_cat?post=1953"},{"taxonomy":"product_tag","embeddable":true,"href":"https:\/\/www.tiskero.cz\/cs\/wp-json\/wp\/v2\/product_tag?post=1953"}],"curies":[{"name":"wp","href":"https:\/\/api.w.org\/{rel}","templated":true}]}}